{"id":954,"date":"2025-01-04T18:32:51","date_gmt":"2025-01-04T17:32:51","guid":{"rendered":"https:\/\/www.ba4u.cz\/contact\/"},"modified":"2025-02-09T19:12:45","modified_gmt":"2025-02-09T18:12:45","slug":"contact","status":"publish","type":"page","link":"https:\/\/www.ba4u.cz\/en\/contact\/","title":{"rendered":"Contact"},"content":{"rendered":"<p>[et_pb_section fb_built=&#8221;1&#8243; _builder_version=&#8221;4.27.4&#8243; _module_preset=&#8221;default&#8221; background_enable_color=&#8221;off&#8221; use_background_color_gradient=&#8221;on&#8221; background_color_gradient_stops=&#8221;rgba(0,0,0,0.15) 1%|rgba(0,0,0,0.3) 100%&#8221; background_color_gradient_overlays_image=&#8221;on&#8221; background_image=&#8221;https:\/\/www.ba4u.cz\/wp-content\/uploads\/2025\/01\/BA4U-web020.jpg&#8221; background_position=&#8221;bottom_center&#8221; background_enable_mask_style=&#8221;on&#8221; background_mask_style=&#8221;corner-square&#8221; background_mask_color=&#8221;rgba(0,0,0,0.3)&#8221; background_mask_transform=&#8221;invert&#8221; background_mask_size=&#8221;cover&#8221; background_mask_position=&#8221;bottom_center&#8221; background_mask_vertical_offset=&#8221;30%&#8221; min_height=&#8221;550px&#8221; custom_padding=&#8221;69px||71px|||&#8221; bottom_divider_style=&#8221;curve2&#8243; bottom_divider_color=&#8221;#FFFFFF&#8221; bottom_divider_height=&#8221;50px&#8221; bottom_divider_repeat=&#8221;1x&#8221; background_last_edited=&#8221;on|phone&#8221; background_position_tablet=&#8221;top_left&#8221; background_position_phone=&#8221;top_right&#8221; background_horizontal_offset_phone=&#8221;40%&#8221; global_colors_info=&#8221;{}&#8221;][et_pb_row column_structure=&#8221;2_3,1_3&#8243; _builder_version=&#8221;4.16&#8243; _module_preset=&#8221;default&#8221; max_width=&#8221;1400px&#8221; custom_padding=&#8221;||25px|||&#8221; global_colors_info=&#8221;{}&#8221;][et_pb_column type=&#8221;2_3&#8243; _builder_version=&#8221;4.16&#8243; _module_preset=&#8221;default&#8221; global_colors_info=&#8221;{}&#8221;][\/et_pb_column][et_pb_column type=&#8221;1_3&#8243; _builder_version=&#8221;4.16&#8243; _module_preset=&#8221;default&#8221; global_colors_info=&#8221;{}&#8221;][et_pb_text _builder_version=&#8221;4.27.4&#8243; _module_preset=&#8221;default&#8221; header_font=&#8221;|600|||||||&#8221; header_text_color=&#8221;#FFFFFF&#8221; header_font_size=&#8221;60px&#8221; header_2_text_color=&#8221;#e0e0e0&#8243; header_2_font_size=&#8221;30px&#8221; header_2_line_height=&#8221;2em&#8221; custom_padding=&#8221;19px||1px|||&#8221; header_font_size_tablet=&#8221;60px&#8221; header_font_size_phone=&#8221;50px&#8221; header_font_size_last_edited=&#8221;on|phone&#8221; header_text_shadow_style=&#8221;preset1&#8243; header_text_shadow_color=&#8221;rgba(0,0,0,0.97)&#8221; global_colors_info=&#8221;{}&#8221;]<\/p>\n<h1 style=\"text-align: left;\"><span style=\"color: #99cc00;\">CONTACT<\/span><\/h1>\n<p>&nbsp;<\/p>\n<p>&nbsp;<\/p>\n<h2>Let&#8217;s meet up <span>and maybe you&#8217;ll make it work sometime.<\/span><\/h2>\n<p>[\/et_pb_text][\/et_pb_column][\/et_pb_row][\/et_pb_section][et_pb_section fb_built=&#8221;1&#8243; _builder_version=&#8221;4.16&#8243; _module_preset=&#8221;default&#8221; background_enable_mask_style=&#8221;on&#8221; background_mask_style=&#8221;corner-square&#8221; background_mask_color=&#8221;rgba(2,169,89,0.1)&#8221; background_mask_transform=&#8221;invert|flip_horizontal&#8221; background_mask_size=&#8221;cover&#8221; background_mask_position=&#8221;bottom_center&#8221; background_mask_vertical_offset=&#8221;30%&#8221; max_width=&#8221;100%&#8221; module_alignment=&#8221;center&#8221; custom_margin=&#8221;50px||||false|false&#8221; custom_padding=&#8221;50px|||||&#8221; top_divider_color=&#8221;#0C71C3&#8243; top_divider_height=&#8221;50px&#8221; locked=&#8221;off&#8221; global_colors_info=&#8221;{}&#8221;][et_pb_row column_structure=&#8221;1_2,1_2&#8243; _builder_version=&#8221;4.27.4&#8243; _module_preset=&#8221;default&#8221; positioning=&#8221;none&#8221; width=&#8221;65%&#8221; width_tablet=&#8221;&#8221; width_phone=&#8221;90%&#8221; width_last_edited=&#8221;on|desktop&#8221; max_width_tablet=&#8221;&#8221; max_width_phone=&#8221;&#8221; max_width_last_edited=&#8221;on|phone&#8221; custom_padding=&#8221;||30px||false|false&#8221; scroll_vertical_motion_enable=&#8221;off&#8221; scroll_horizontal_motion_enable=&#8221;off&#8221; scroll_rotating_enable=&#8221;off&#8221; scroll_blur_enable=&#8221;off&#8221; global_colors_info=&#8221;{}&#8221;][et_pb_column type=&#8221;1_2&#8243; _builder_version=&#8221;4.27.4&#8243; _module_preset=&#8221;default&#8221; background_enable_color=&#8221;off&#8221; global_colors_info=&#8221;{}&#8221;][et_pb_blurb title=&#8221;Ing. Stanislav Bruna&#8221; image=&#8221;https:\/\/www.ba4u.cz\/wp-content\/uploads\/2025\/01\/stanislav-bruna_1.jpg&#8221; content_max_width_tablet=&#8221;&#8221; content_max_width_phone=&#8221;&#8221; content_max_width_last_edited=&#8221;on|phone&#8221; _builder_version=&#8221;4.27.4&#8243; _module_preset=&#8221;default&#8221; header_text_align=&#8221;center&#8221; header_font_size=&#8221;23px&#8221; background_color=&#8221;#FFFFFF&#8221; width=&#8221;70%&#8221; width_tablet=&#8221;70%&#8221; width_phone=&#8221;90%&#8221; width_last_edited=&#8221;on|phone&#8221; module_alignment=&#8221;center&#8221; custom_padding=&#8221;25px|27px|25px|27px|true|true&#8221; border_radii=&#8221;on|10px|10px|10px|10px&#8221; border_radii_image=&#8221;on|10px|10px|10px|10px&#8221; box_shadow_style=&#8221;preset1&#8243; global_colors_info=&#8221;{}&#8221;]<\/p>\n<p style=\"text-align: center;\"><span>Senior Advisor BA4U s.r.o<\/span><\/p>\n<p style=\"text-align: center;\"><a href=\"mailto:info@ba4u.cz\">info@ba4u.cz<\/a><\/p>\n<p>[\/et_pb_blurb][\/et_pb_column][et_pb_column type=&#8221;1_2&#8243; _builder_version=&#8221;4.16&#8243; _module_preset=&#8221;default&#8221; border_radii=&#8221;on|10px|10px|10px|10px&#8221; global_colors_info=&#8221;{}&#8221;][et_pb_text quote_border_color=&#8221;gcid-4de3e4d0-bb13-408a-b665-6599b99dd712&#8243; _builder_version=&#8221;4.27.4&#8243; _module_preset=&#8221;default&#8221; text_font_size=&#8221;20px&#8221; text_line_height=&#8221;1.9em&#8221; quote_font_size=&#8221;25px&#8221; quote_line_height=&#8221;2em&#8221; background_color=&#8221;#FFFFFF&#8221; custom_padding=&#8221;0px||||false|false&#8221; border_radii=&#8221;on|10px|10px|10px|10px&#8221; global_colors_info=&#8221;{%22gcid-4de3e4d0-bb13-408a-b665-6599b99dd712%22:%91%22quote_border_color%22%93}&#8221;]<\/p>\n<blockquote>\n<p><span>On your foundations will grow the next generation&#8230;<\/span><\/p>\n<\/blockquote>\n<p>[\/et_pb_text][et_pb_text _builder_version=&#8221;4.27.4&#8243; _module_preset=&#8221;default&#8221; text_font_size=&#8221;18px&#8221; text_line_height=&#8221;2em&#8221; global_colors_info=&#8221;{}&#8221;]<\/p>\n<p><span>Building and managing a family business is a big challenge because you have to balance family relationships and the needs of the business. Take inspiration from successful noble families that have prospered for centuries and create a solid foundation for your family and clan. <\/span><\/p>\n<p>[\/et_pb_text][et_pb_divider color=&#8221;gcid-4de3e4d0-bb13-408a-b665-6599b99dd712&#8243; divider_weight=&#8221;2px&#8221; _builder_version=&#8221;4.27.4&#8243; _module_preset=&#8221;default&#8221; global_colors_info=&#8221;{%22gcid-4de3e4d0-bb13-408a-b665-6599b99dd712%22:%91%22color%22%93}&#8221;][\/et_pb_divider][et_pb_contact_form use_spam_service=&#8221;on&#8221; recaptcha_list=&#8221;ba4ucz|ba4ucz-0&#8243; email=&#8221;info@nadohled.cz&#8221; title=&#8221;Contact form&#8221; custom_message=&#8221;%%email%%||et_pb_line_break_holder||%%name%%||et_pb_line_break_holder||%%message%%&#8221; _builder_version=&#8221;4.27.4&#8243; _module_preset=&#8221;default&#8221; _unique_id=&#8221;7d26c3cb-6c21-41fa-901c-76073d7f1ed2&#8243; form_field_background_color=&#8221;#FFFFFF&#8221; form_field_text_color=&#8221;#777777&#8243; title_text_align=&#8221;center&#8221; form_field_font=&#8221;||||||||&#8221; form_field_font_size=&#8221;16px&#8221; background_color=&#8221;#FFFFFF&#8221; custom_button=&#8221;on&#8221; button_text_color=&#8221;gcid-4de3e4d0-bb13-408a-b665-6599b99dd712&#8243; width=&#8221;90%&#8221; module_alignment=&#8221;center&#8221; hover_enabled=&#8221;0&#8243; button_text_color_tablet=&#8221;#05014a&#8221; button_text_color_phone=&#8221;#05014a&#8221; button_text_color_last_edited=&#8221;on|desktop&#8221; admin_email_subject=&#8221;zpr\u00e1va z webu BA4U&#8221; admin_email_from_name=&#8221;%%email%%&#8221; field_label_font=&#8221;||||||||&#8221; field_label_color=&#8221;#444444&#8243; field_label_size=&#8221;16px&#8221; border_width_all=&#8221;1px&#8221; border_color_all=&#8221;#cecece&#8221; global_colors_info=&#8221;{%22gcid-4de3e4d0-bb13-408a-b665-6599b99dd712%22:%91%22button_text_color%22,%22button_bg_color__hover%22%93}&#8221; button_text_color__hover=&#8221;#FFFFFF&#8221; button_text_color__hover_enabled=&#8221;on|hover&#8221; button_bg_color__hover=&#8221;#02a959&#8243; button_bg_color__hover_enabled=&#8221;on|desktop&#8221; button_icon_color__hover=&#8221;#FFFFFF&#8221; button_icon_color__hover_enabled=&#8221;on|hover&#8221; button_bg_enable_color__hover=&#8221;on&#8221; sticky_enabled=&#8221;0&#8243;][et_pb_contact_field field_id=&#8221;Name&#8221; field_title=&#8221;Name and surname&#8221; _builder_version=&#8221;4.27.4&#8243; use_field_label=&#8221;on&#8221; use_field_placeholder=&#8221;on&#8221; global_colors_info=&#8221;{}&#8221; button_text_size__hover_enabled=&#8221;off&#8221; button_one_text_size__hover_enabled=&#8221;off&#8221; button_two_text_size__hover_enabled=&#8221;off&#8221; button_text_color__hover_enabled=&#8221;off&#8221; button_one_text_color__hover_enabled=&#8221;off&#8221; button_two_text_color__hover_enabled=&#8221;off&#8221; button_border_width__hover_enabled=&#8221;off&#8221; button_one_border_width__hover_enabled=&#8221;off&#8221; button_two_border_width__hover_enabled=&#8221;off&#8221; button_border_color__hover_enabled=&#8221;off&#8221; button_one_border_color__hover_enabled=&#8221;off&#8221; button_two_border_color__hover_enabled=&#8221;off&#8221; button_border_radius__hover_enabled=&#8221;off&#8221; button_one_border_radius__hover_enabled=&#8221;off&#8221; button_two_border_radius__hover_enabled=&#8221;off&#8221; button_letter_spacing__hover_enabled=&#8221;off&#8221; button_one_letter_spacing__hover_enabled=&#8221;off&#8221; button_two_letter_spacing__hover_enabled=&#8221;off&#8221; button_bg_color__hover_enabled=&#8221;off&#8221; button_one_bg_color__hover_enabled=&#8221;off&#8221; button_two_bg_color__hover_enabled=&#8221;off&#8221;][\/et_pb_contact_field][et_pb_contact_field field_id=&#8221;Email&#8221; field_title=&#8221;E-mail address&#8221; field_type=&#8221;email&#8221; _builder_version=&#8221;4.27.4&#8243; use_field_label=&#8221;on&#8221; use_field_placeholder=&#8221;on&#8221; global_colors_info=&#8221;{}&#8221; button_text_size__hover_enabled=&#8221;off&#8221; button_one_text_size__hover_enabled=&#8221;off&#8221; button_two_text_size__hover_enabled=&#8221;off&#8221; button_text_color__hover_enabled=&#8221;off&#8221; button_one_text_color__hover_enabled=&#8221;off&#8221; button_two_text_color__hover_enabled=&#8221;off&#8221; button_border_width__hover_enabled=&#8221;off&#8221; button_one_border_width__hover_enabled=&#8221;off&#8221; button_two_border_width__hover_enabled=&#8221;off&#8221; button_border_color__hover_enabled=&#8221;off&#8221; button_one_border_color__hover_enabled=&#8221;off&#8221; button_two_border_color__hover_enabled=&#8221;off&#8221; button_border_radius__hover_enabled=&#8221;off&#8221; button_one_border_radius__hover_enabled=&#8221;off&#8221; button_two_border_radius__hover_enabled=&#8221;off&#8221; button_letter_spacing__hover_enabled=&#8221;off&#8221; button_one_letter_spacing__hover_enabled=&#8221;off&#8221; button_two_letter_spacing__hover_enabled=&#8221;off&#8221; button_bg_color__hover_enabled=&#8221;off&#8221; button_one_bg_color__hover_enabled=&#8221;off&#8221; button_two_bg_color__hover_enabled=&#8221;off&#8221;][\/et_pb_contact_field][et_pb_contact_field field_id=&#8221;Message&#8221; field_title=&#8221;Report&#8221; field_type=&#8221;text&#8221; fullwidth_field=&#8221;on&#8221; _builder_version=&#8221;4.27.4&#8243; use_field_label=&#8221;on&#8221; use_field_placeholder=&#8221;on&#8221; global_colors_info=&#8221;{}&#8221; button_text_size__hover_enabled=&#8221;off&#8221; button_one_text_size__hover_enabled=&#8221;off&#8221; button_two_text_size__hover_enabled=&#8221;off&#8221; button_text_color__hover_enabled=&#8221;off&#8221; button_one_text_color__hover_enabled=&#8221;off&#8221; button_two_text_color__hover_enabled=&#8221;off&#8221; button_border_width__hover_enabled=&#8221;off&#8221; button_one_border_width__hover_enabled=&#8221;off&#8221; button_two_border_width__hover_enabled=&#8221;off&#8221; button_border_color__hover_enabled=&#8221;off&#8221; button_one_border_color__hover_enabled=&#8221;off&#8221; button_two_border_color__hover_enabled=&#8221;off&#8221; button_border_radius__hover_enabled=&#8221;off&#8221; button_one_border_radius__hover_enabled=&#8221;off&#8221; button_two_border_radius__hover_enabled=&#8221;off&#8221; button_letter_spacing__hover_enabled=&#8221;off&#8221; button_one_letter_spacing__hover_enabled=&#8221;off&#8221; button_two_letter_spacing__hover_enabled=&#8221;off&#8221; button_bg_color__hover_enabled=&#8221;off&#8221; button_one_bg_color__hover_enabled=&#8221;off&#8221; button_two_bg_color__hover_enabled=&#8221;off&#8221;][\/et_pb_contact_field][\/et_pb_contact_form][\/et_pb_column][\/et_pb_row][\/et_pb_section][et_pb_section fb_built=&#8221;1&#8243; _builder_version=&#8221;4.16&#8243; _module_preset=&#8221;default&#8221; background_enable_color=&#8221;off&#8221; background_enable_mask_style=&#8221;on&#8221; background_mask_style=&#8221;corner-square&#8221; background_mask_color=&#8221;rgba(2,169,89,0.1)&#8221; background_mask_transform=&#8221;invert&#8221; background_mask_size=&#8221;cover&#8221; background_mask_position=&#8221;bottom_center&#8221; background_mask_vertical_offset=&#8221;30%&#8221; custom_margin=&#8221;0px||50px||false|false&#8221; custom_padding=&#8221;||100px||false|false&#8221; top_divider_color=&#8221;#0C71C3&#8243; top_divider_height=&#8221;50px&#8221; locked=&#8221;off&#8221; global_colors_info=&#8221;{}&#8221;][et_pb_row column_structure=&#8221;1_2,1_2&#8243; _builder_version=&#8221;4.16&#8243; _module_preset=&#8221;default&#8221; custom_padding=&#8221;||32px|||&#8221; global_colors_info=&#8221;{}&#8221;][et_pb_column type=&#8221;1_2&#8243; _builder_version=&#8221;4.16&#8243; _module_preset=&#8221;default&#8221; global_colors_info=&#8221;{}&#8221;][et_pb_text _builder_version=&#8221;4.27.4&#8243; _module_preset=&#8221;default&#8221; text_font_size=&#8221;20px&#8221; text_line_height=&#8221;2em&#8221; background_color=&#8221;#FFFFFF&#8221; custom_padding=&#8221;20px|20px|20px|20px|true|true&#8221; border_radii=&#8221;on|10px|10px|10px|10px&#8221; global_colors_info=&#8221;{}&#8221;]<\/p>\n<div id=\"element_1_1_0\" class=\"element_container title_element_container \">\n<div class=\"element_content element_align_center\">\n<div class=\"ve_title ve_title_style_1\">\n<p style=\"text-align: left;\"><strong>BA4U s.r.o.<\/strong><\/p>\n<\/div>\n<div class=\"cms_clear\" style=\"text-align: left;\">\n<p><span>Podkov\u00e1\u0159sk\u00e1 674\/2, Vyso\u010dany, 190 00 Prague 9<\/span><\/p>\n<p>ID: <span>09358455<\/span><br \/>VAT: <span>CZ09358455<\/span><br \/>File No. C <span>335060<\/span> maintained at the Municipal Court in Prague<\/p>\n<p>&nbsp;<\/p>\n<\/div>\n<\/div>\n<\/div>\n<div id=\"element_1_1_2\" class=\"element_container icon_element_container \" style=\"text-align: left;\">\n<div class=\"element_content element_align_center\">\n<div class=\"in_element_content mw_icon_text mw_icon_text_style_beside mw_icon_text_align_left mw_icon_text_vertical_align_center\">\n<div class=\"mw_icon_text_content\">\n<p>Email: <a href=\"mailto:info@ba4u.cz\">info@ba4u.cz<\/a><\/p>\n<p>Tel: <a href=\"tel:+420284028886\">+420 284 028 886<\/a><\/p>\n<p>Mailbox: kqhem3p<\/p>\n<\/div>\n<\/div>\n<\/div>\n<\/div>\n<p>[\/et_pb_text][\/et_pb_column][et_pb_column type=&#8221;1_2&#8243; _builder_version=&#8221;4.16&#8243; _module_preset=&#8221;default&#8221; global_colors_info=&#8221;{}&#8221;][et_pb_code _builder_version=&#8221;4.16&#8243; _module_preset=&#8221;default&#8221; box_shadow_style=&#8221;preset1&#8243; box_shadow_vertical=&#8221;0px&#8221; box_shadow_blur=&#8221;22px&#8221; box_shadow_spread=&#8221;12px&#8221; global_colors_info=&#8221;{}&#8221;]<iframe loading=\"lazy\" style=\"border:none\" src=\"https:\/\/frame.mapy.cz\/s\/pafehocaja\" width=\"100%\" height=\"300\" frameborder=\"0\"><\/iframe>[\/et_pb_code][\/et_pb_column][\/et_pb_row][\/et_pb_section][et_pb_section fb_built=&#8221;1&#8243; _builder_version=&#8221;4.27.4&#8243; _module_preset=&#8221;default&#8221; background_color=&#8221;#FFFFFF&#8221; background_enable_pattern_style=&#8221;on&#8221; background_pattern_style=&#8221;pinwheel&#8221; background_pattern_color=&#8221;rgba(0,0,0,0.09)&#8221; background_pattern_size=&#8221;custom&#8221; background_pattern_width=&#8221;30px&#8221; background_pattern_height=&#8221;30px&#8221; top_divider_style=&#8221;curve2&#8243; top_divider_color=&#8221;#FFFFFF&#8221; top_divider_height=&#8221;50px&#8221; bottom_divider_style=&#8221;curve2&#8243; bottom_divider_color=&#8221;#FFFFFF&#8221; bottom_divider_height=&#8221;50px&#8221; global_module=&#8221;82&#8243; saved_tabs=&#8221;all&#8221; global_colors_info=&#8221;{}&#8221;][et_pb_row _builder_version=&#8221;4.16&#8243; _module_preset=&#8221;default&#8221; global_colors_info=&#8221;{}&#8221;][et_pb_column type=&#8221;4_4&#8243; _builder_version=&#8221;4.16&#8243; _module_preset=&#8221;default&#8221; global_colors_info=&#8221;{}&#8221;][\/et_pb_column][\/et_pb_row][\/et_pb_section][et_pb_section fb_built=&#8221;1&#8243; _builder_version=&#8221;4.27.4&#8243; _module_preset=&#8221;default&#8221; custom_margin=&#8221;1px|||||&#8221; custom_padding=&#8221;27px||0px|||&#8221; global_module=&#8221;81&#8243; saved_tabs=&#8221;all&#8221; global_colors_info=&#8221;{}&#8221;][et_pb_row column_structure=&#8221;1_4,1_4,1_4,1_4&#8243; _builder_version=&#8221;4.16&#8243; _module_preset=&#8221;default&#8221; global_colors_info=&#8221;{}&#8221;][et_pb_column type=&#8221;1_4&#8243; _builder_version=&#8221;4.16&#8243; _module_preset=&#8221;default&#8221; global_colors_info=&#8221;{}&#8221;][et_pb_text _builder_version=&#8221;4.27.4&#8243; _module_preset=&#8221;default&#8221; custom_padding_tablet=&#8221;|80px|||false|false&#8221; custom_padding_phone=&#8221;|0px|||false|false&#8221; custom_padding_last_edited=&#8221;on|phone&#8221; global_colors_info=&#8221;{}&#8221;]<\/p>\n<p><strong>BA4U s.r.o.<br \/><\/strong><span>Podkov\u00e1\u0159sk\u00e1 674\/2,<br \/>Vyso\u010dany, 190 00 Prague 9<\/span><\/p>\n<p>[\/et_pb_text][\/et_pb_column][et_pb_column type=&#8221;1_4&#8243; _builder_version=&#8221;4.16&#8243; _module_preset=&#8221;default&#8221; global_colors_info=&#8221;{}&#8221;][et_pb_blurb title=&#8221;+420 284 028 886&#8243; url=&#8221;tel:+420284028886&#8243; use_icon=&#8221;on&#8221; font_icon=&#8221;&#xe090;||divi||400&#8243; icon_color=&#8221;#02a959&#8243; icon_placement=&#8221;left&#8221; image_icon_width=&#8221;25px&#8221; _builder_version=&#8221;4.19.4&#8243; _module_preset=&#8221;default&#8221; header_level=&#8221;h5&#8243; header_font_size=&#8221;14px&#8221; header_line_height=&#8221;1.7em&#8221; custom_margin=&#8221;||8px|||&#8221; global_colors_info=&#8221;{%22gcid-4de3e4d0-bb13-408a-b665-6599b99dd712%22:%91%22image_icon_background_color%22%93}&#8221;][\/et_pb_blurb][et_pb_blurb title=&#8221;info@ba4u.cz&#8221; url=&#8221;mailto:info@bm4u.cz&#8221; use_icon=&#8221;on&#8221; font_icon=&#8221;&#xf0e0;||fa||400&#8243; icon_color=&#8221;#02a959&#8243; icon_placement=&#8221;left&#8221; image_icon_width=&#8221;25px&#8221; _builder_version=&#8221;4.27.4&#8243; _module_preset=&#8221;default&#8221; header_level=&#8221;h5&#8243; header_font_size=&#8221;14px&#8221; header_line_height=&#8221;1.7em&#8221; global_colors_info=&#8221;{}&#8221;][\/et_pb_blurb][\/et_pb_column][et_pb_column type=&#8221;1_4&#8243; _builder_version=&#8221;4.16&#8243; _module_preset=&#8221;default&#8221; global_colors_info=&#8221;{}&#8221;][et_pb_icon font_icon=&#8221;&#xf08c;||fa||400&#8243; icon_color=&#8221;#02A958&#8243; icon_width=&#8221;50px&#8221; url=&#8221;https:\/\/www.linkedin.com\/company\/bm4u-cz\/&#8221; url_new_window=&#8221;on&#8221; align=&#8221;left&#8221; align_tablet=&#8221;left&#8221; align_phone=&#8221;&#8221; align_last_edited=&#8221;on|desktop&#8221; _builder_version=&#8221;4.27.4&#8243; _module_preset=&#8221;default&#8221; global_colors_info=&#8221;{}&#8221;][\/et_pb_icon][\/et_pb_column][et_pb_column type=&#8221;1_4&#8243; _builder_version=&#8221;4.16&#8243; _module_preset=&#8221;default&#8221; global_colors_info=&#8221;{}&#8221;][et_pb_text _builder_version=&#8221;4.27.4&#8243; _module_preset=&#8221;default&#8221; global_colors_info=&#8221;{}&#8221;]<\/p>\n<p><a href=\"https:\/\/www.ba4u.cz\/ochrana-osobnich-udaju\/\">GDPR and Cookies<\/a><br \/><a href=\"https:\/\/www.ba4u.cz\/wp-content\/uploads\/2025\/01\/Eticky_kodex_BA4U_11.1.2025.pdf\" target=\"_blank\" rel=\"noopener\">BA4U Code of Conduct<\/a><\/p>\n<p>[\/et_pb_text][\/et_pb_column][\/et_pb_row][\/et_pb_section]<\/p>\n","protected":false},"excerpt":{"rendered":"<p>CONTACT &nbsp; &nbsp; Let&#8217;s meet up and maybe you&#8217;ll make it work sometime.Senior Advisor BA4U s.r.o info@ba4u.cz On your foundations will grow the next generation&#8230; Building and managing a family business is a big challenge because you have to balance family relationships and the needs of the business. Take inspiration from successful noble families that [&hellip;]<\/p>\n","protected":false},"author":2,"featured_media":0,"parent":0,"menu_order":0,"comment_status":"closed","ping_status":"closed","template":"","meta":{"_et_pb_use_builder":"on","_et_pb_old_content":"","_et_gb_content_width":"","footnotes":""},"class_list":["post-954","page","type-page","status-publish","hentry"],"_links":{"self":[{"href":"https:\/\/www.ba4u.cz\/en\/wp-json\/wp\/v2\/pages\/954","targetHints":{"allow":["GET"]}}],"collection":[{"href":"https:\/\/www.ba4u.cz\/en\/wp-json\/wp\/v2\/pages"}],"about":[{"href":"https:\/\/www.ba4u.cz\/en\/wp-json\/wp\/v2\/types\/page"}],"author":[{"embeddable":true,"href":"https:\/\/www.ba4u.cz\/en\/wp-json\/wp\/v2\/users\/2"}],"replies":[{"embeddable":true,"href":"https:\/\/www.ba4u.cz\/en\/wp-json\/wp\/v2\/comments?post=954"}],"version-history":[{"count":5,"href":"https:\/\/www.ba4u.cz\/en\/wp-json\/wp\/v2\/pages\/954\/revisions"}],"predecessor-version":[{"id":1106,"href":"https:\/\/www.ba4u.cz\/en\/wp-json\/wp\/v2\/pages\/954\/revisions\/1106"}],"wp:attachment":[{"href":"https:\/\/www.ba4u.cz\/en\/wp-json\/wp\/v2\/media?parent=954"}],"curies":[{"name":"wp","href":"https:\/\/api.w.org\/{rel}","templated":true}]}}