{"id":990,"date":"2025-01-04T18:53:29","date_gmt":"2025-01-04T17:53:29","guid":{"rendered":"https:\/\/www.ba4u.cz\/our-team\/"},"modified":"2025-01-28T12:43:14","modified_gmt":"2025-01-28T11:43:14","slug":"our-team","status":"publish","type":"page","link":"https:\/\/www.ba4u.cz\/en\/our-team\/","title":{"rendered":"Our team"},"content":{"rendered":"<p>[et_pb_section fb_built=&#8221;1&#8243; _builder_version=&#8221;4.27.4&#8243; _module_preset=&#8221;default&#8221; background_enable_color=&#8221;off&#8221; use_background_color_gradient=&#8221;on&#8221; background_color_gradient_stops=&#8221;rgba(0,0,0,0.5) 0%|rgba(0,0,0,0.5) 100%&#8221; background_color_gradient_overlays_image=&#8221;on&#8221; background_image=&#8221;https:\/\/www.ba4u.cz\/wp-content\/uploads\/2025\/01\/BA4U-web041.jpg&#8221; background_position=&#8221;top_center&#8221; background_vertical_offset=&#8221;55%&#8221; background_enable_mask_style=&#8221;on&#8221; background_mask_style=&#8221;corner-square&#8221; background_mask_color=&#8221;rgba(0,0,0,0.3)&#8221; background_mask_transform=&#8221;invert|flip_horizontal&#8221; background_mask_size=&#8221;cover&#8221; background_mask_position=&#8221;bottom_center&#8221; background_mask_vertical_offset=&#8221;30%&#8221; min_height=&#8221;550px&#8221; custom_padding=&#8221;69px||71px|||&#8221; bottom_divider_style=&#8221;curve2&#8243; bottom_divider_color=&#8221;#FFFFFF&#8221; bottom_divider_height=&#8221;50px&#8221; bottom_divider_repeat=&#8221;1x&#8221; bottom_divider_flip=&#8221;horizontal&#8221; background_last_edited=&#8221;on|phone&#8221; background_position_tablet=&#8221;top_left&#8221; background_position_phone=&#8221;top_right&#8221; background_horizontal_offset_tablet=&#8221;90%&#8221; background_horizontal_offset_phone=&#8221;50%&#8221; background_pattern_width_tablet=&#8221;159px&#8221; background_pattern_width_phone=&#8221;70px&#8221; background_pattern_height_tablet=&#8221;30px&#8221; background_pattern_height_phone=&#8221;30px&#8221; global_colors_info=&#8221;{}&#8221;][et_pb_row column_structure=&#8221;2_5,3_5&#8243; _builder_version=&#8221;4.17.3&#8243; _module_preset=&#8221;default&#8221; background_enable_video_mp4=&#8221;off&#8221; max_width=&#8221;1600px&#8221; global_colors_info=&#8221;{}&#8221;][et_pb_column type=&#8221;2_5&#8243; _builder_version=&#8221;4.17.3&#8243; _module_preset=&#8221;default&#8221; background_enable_video_mp4=&#8221;off&#8221; global_colors_info=&#8221;{}&#8221;][et_pb_text _builder_version=&#8221;4.27.4&#8243; _module_preset=&#8221;default&#8221; header_font=&#8221;|600||on|||||&#8221; header_text_color=&#8221;#FFFFFF&#8221; header_font_size=&#8221;50px&#8221; header_line_height=&#8221;1.5em&#8221; header_2_text_color=&#8221;#FFFFFF&#8221; header_2_font_size=&#8221;30px&#8221; header_2_line_height=&#8221;2em&#8221; custom_padding=&#8221;0px|||||&#8221; header_font_size_tablet=&#8221;60px&#8221; header_font_size_phone=&#8221;45px&#8221; header_font_size_last_edited=&#8221;on|phone&#8221; header_2_font_size_tablet=&#8221;40px&#8221; header_2_font_size_phone=&#8221;30px&#8221; header_2_font_size_last_edited=&#8221;on|phone&#8221; header_2_line_height_tablet=&#8221;2.5em&#8221; header_2_line_height_phone=&#8221;1.6em&#8221; header_2_line_height_last_edited=&#8221;on|phone&#8221; header_text_shadow_style=&#8221;preset1&#8243; header_text_shadow_color=&#8221;rgba(0,0,0,0.97)&#8221; global_colors_info=&#8221;{}&#8221;]<\/p>\n<h1><strong><span style=\"color: #99cc00;\">Our<\/span>team<\/strong><\/h1>\n<h2>Our mission is to protect assets, family relationships and values by setting up long proven systems and approaches.<\/h2>\n<p>[\/et_pb_text][\/et_pb_column][et_pb_column type=&#8221;3_5&#8243; _builder_version=&#8221;4.16&#8243; _module_preset=&#8221;default&#8221; global_colors_info=&#8221;{}&#8221;][\/et_pb_column][\/et_pb_row][\/et_pb_section][et_pb_section fb_built=&#8221;1&#8243; _builder_version=&#8221;4.27.4&#8243; _module_preset=&#8221;default&#8221; background_enable_color=&#8221;off&#8221; background_enable_mask_style=&#8221;on&#8221; background_mask_style=&#8221;corner-square&#8221; background_mask_color=&#8221;rgba(2,169,89,0.1)&#8221; background_mask_transform=&#8221;invert&#8221; background_mask_size=&#8221;cover&#8221; background_mask_position=&#8221;bottom_center&#8221; background_mask_vertical_offset=&#8221;30%&#8221; custom_margin=&#8221;0px||50px||false|false&#8221; custom_padding=&#8221;||100px||false|false&#8221; top_divider_color=&#8221;#FFFFFF&#8221; top_divider_arrangement=&#8221;above_content&#8221; bottom_divider_color=&#8221;#FFFFFF&#8221; saved_tabs=&#8221;all&#8221; locked=&#8221;off&#8221; global_colors_info=&#8221;{}&#8221;][et_pb_row column_structure=&#8221;1_2,1_2&#8243; _builder_version=&#8221;4.27.4&#8243; _module_preset=&#8221;default&#8221; custom_padding=&#8221;||||false|false&#8221; global_colors_info=&#8221;{}&#8221;][et_pb_column type=&#8221;1_2&#8243; _builder_version=&#8221;4.16&#8243; _module_preset=&#8221;default&#8221; global_colors_info=&#8221;{}&#8221;][et_pb_text quote_border_color=&#8221;gcid-4de3e4d0-bb13-408a-b665-6599b99dd712&#8243; _builder_version=&#8221;4.27.4&#8243; _module_preset=&#8221;default&#8221; text_font_size=&#8221;20px&#8221; text_line_height=&#8221;2em&#8221; ul_line_height=&#8221;2em&#8221; header_3_font=&#8221;|700|||||||&#8221; header_3_line_height=&#8221;1.7em&#8221; background_color=&#8221;#FFFFFF&#8221; custom_padding=&#8221;18px|20px|18px|20px|true|true&#8221; text_font_size_tablet=&#8221;20px&#8221; text_font_size_phone=&#8221;16px&#8221; text_font_size_last_edited=&#8221;on|desktop&#8221; text_line_height_tablet=&#8221;2em&#8221; text_line_height_phone=&#8221;2em&#8221; text_line_height_last_edited=&#8221;on|desktop&#8221; border_radii=&#8221;on|10px|10px|10px|10px&#8221; border_color_all=&#8221;rgba(0,0,0,0.15)&#8221; global_colors_info=&#8221;{%22gcid-4de3e4d0-bb13-408a-b665-6599b99dd712%22:%91%22quote_border_color%22%93}&#8221;]<\/p>\n<p style=\"text-align: left;\">Every founder of a family business wants their work to be meaningful for generations to come. Unfortunately, most companies fail to make this transition. BA4U s.r.o. was created to change this fate of Czech and Slovak successful families.  <\/p>\n<blockquote>\n<p style=\"text-align: left;\">Our mission is to protect assets, family relationships and values by setting up long proven systems and approaches.<\/p>\n<\/blockquote>\n<p style=\"text-align: left;\">Our solutions are based on the know-how of successful European noble families who have managed to preserve their wealth even during the greatest crises. We help families build solid foundations that last for centuries. <\/p>\n<p>[\/et_pb_text][et_pb_button button_url=&#8221;@ET-DC@eyJkeW5hbWljIjp0cnVlLCJjb250ZW50IjoicG9zdF9saW5rX3VybF9wYWdlIiwic2V0dGluZ3MiOnsicG9zdF9pZCI6IjIzNiIsImVuYWJsZV9odG1sIjoib2ZmIn19@&#8221; button_text=&#8221;Contact us today!&#8221; button_alignment=&#8221;center&#8221; _builder_version=&#8221;4.27.4&#8243; _dynamic_attributes=&#8221;button_url&#8221; _module_preset=&#8221;default&#8221; custom_button=&#8221;on&#8221; button_text_size=&#8221;30px&#8221; button_text_color=&#8221;#02a958&#8243; button_bg_color=&#8221;#FFFFFF&#8221; button_icon=&#8221;&#xe090;||divi||400&#8243; button_icon_color=&#8221;#FFFFFF&#8221; custom_margin=&#8221;30px|||||&#8221; button_bg_color_tablet=&#8221;#FFFFFF&#8221; button_bg_color_phone=&#8221;#FFFFFF&#8221; button_bg_color_last_edited=&#8221;on|desktop&#8221; global_module=&#8221;85&#8243; saved_tabs=&#8221;all&#8221; locked=&#8221;off&#8221; global_colors_info=&#8221;{}&#8221; button_bg_color__hover_enabled=&#8221;on|hover&#8221; button_bg_enable_color__hover=&#8221;on&#8221; button_icon_color__hover_enabled=&#8221;on|desktop&#8221; button_border_color__hover_enabled=&#8221;on|hover&#8221; button_border_color__hover=&#8221;#02a958&#8243; button_icon_color__hover=&#8221;#FFFFFF&#8221; button_bg_color__hover=&#8221;#02a958&#8243; button_text_color__hover_enabled=&#8221;on|hover&#8221; button_text_color__hover=&#8221;#FFFFFF&#8221;][\/et_pb_button][\/et_pb_column][et_pb_column type=&#8221;1_2&#8243; _builder_version=&#8221;4.16&#8243; _module_preset=&#8221;default&#8221; global_colors_info=&#8221;{}&#8221;][et_pb_image src=&#8221;https:\/\/www.ba4u.cz\/wp-content\/uploads\/2025\/01\/BA4U-web033.jpg&#8221; title_text=&#8221;BA4U-web033&#8243; _builder_version=&#8221;4.27.4&#8243; _module_preset=&#8221;default&#8221; custom_margin=&#8221;||27px|||&#8221; border_radii=&#8221;on|10px|10px|10px|10px&#8221; box_shadow_style=&#8221;preset1&#8243; box_shadow_horizontal=&#8221;12px&#8221; box_shadow_vertical=&#8221;12px&#8221; box_shadow_blur=&#8221;22px&#8221; box_shadow_color=&#8221;rgba(0,0,0,0.8)&#8221; global_colors_info=&#8221;{}&#8221;][\/et_pb_image][\/et_pb_column][\/et_pb_row][\/et_pb_section][et_pb_section fb_built=&#8221;1&#8243; _builder_version=&#8221;4.17.3&#8243; _module_preset=&#8221;default&#8221; background_pattern_horizontal_offset=&#8221;11%&#8221; background_pattern_repeat=&#8221;repeat-y&#8221; custom_padding=&#8221;||3px|||&#8221; background_last_edited=&#8221;on|phone&#8221; background_mask_width_phone=&#8221;100%&#8221; background_mask_height_phone=&#8221;80%&#8221; background_mask_position_phone=&#8221;center&#8221; global_colors_info=&#8221;{}&#8221;][et_pb_row column_structure=&#8221;1_3,1_3,1_3&#8243; _builder_version=&#8221;4.17.4&#8243; _module_preset=&#8221;default&#8221; global_colors_info=&#8221;{}&#8221;][et_pb_column type=&#8221;1_3&#8243; _builder_version=&#8221;4.17.4&#8243; _module_preset=&#8221;default&#8221; global_colors_info=&#8221;{}&#8221;][et_pb_team_member name=&#8221;Ing. Stanislav Bruna&#8221; position=&#8221;Senior Advisor BA4U s.r.o&#8221; image_url=&#8221;https:\/\/www.ba4u.cz\/wp-content\/uploads\/2025\/01\/stanislav-bruna_1.jpg&#8221; linkedin_url=&#8221;https:\/\/www.linkedin.com\/in\/stanislav-bruna\/&#8221; _builder_version=&#8221;4.27.4&#8243; _module_preset=&#8221;default&#8221; global_colors_info=&#8221;{}&#8221;][\/et_pb_team_member][et_pb_toggle title=&#8221;More&#8230;&#8221; _builder_version=&#8221;4.27.4&#8243; _module_preset=&#8221;default&#8221; global_colors_info=&#8221;{}&#8221;]<\/p>\n<p>Stanislav is an expert in the petrochemical and manufacturing industry. He has many years of experience in the public and private sector, in the operation of corporations and medium-sized companies, both in the Czech Republic and abroad. He specializes in the management of restructuring projects, acquisitions, mergers, personnel acquisitions. He has many years of experience in strategy, operational planning, production optimization and benchmarking.   <\/p>\n<p><strong>He specialises in family businesses &#8211; family arrangements, restructuring and handover of management.<\/strong><\/p>\n<p>[\/et_pb_toggle][\/et_pb_column][et_pb_column type=&#8221;1_3&#8243; _builder_version=&#8221;4.17.3&#8243; _module_preset=&#8221;default&#8221; global_colors_info=&#8221;{}&#8221;][et_pb_team_member name=&#8221;Ing. Miroslav Such\u00fd&#8221; position=&#8221;Senior Advisor BA4U s.r.o.&#8221; image_url=&#8221;https:\/\/www.ba4u.cz\/wp-content\/uploads\/2025\/01\/Miroslav-Suchy.jpg&#8221; linkedin_url=&#8221;https:\/\/www.linkedin.com\/in\/miroslav-suchy-23795023\/&#8221; _builder_version=&#8221;4.27.4&#8243; _module_preset=&#8221;default&#8221; global_colors_info=&#8221;{}&#8221;][\/et_pb_team_member][et_pb_toggle title=&#8221;More&#8230;&#8221; _builder_version=&#8221;4.27.4&#8243; _module_preset=&#8221;default&#8221; global_colors_info=&#8221;{}&#8221;]<\/p>\n<p>Miroslav is an experienced senior manager who has held CEO and CFO positions in the manufacturing, food and finance sectors, both in the Czech Republic and internationally. He excels in organization, management and restructuring of processes. He has successfully handled a variety of short and long-term projects. Miroslav is a leader with the vision and skills needed to transform and strengthen any organization in which he works.   <\/p>\n<p><strong>He specialises in family businesses &#8211; family arrangements, restructuring and handover of management.<\/strong><\/p>\n<p>[\/et_pb_toggle][\/et_pb_column][et_pb_column type=&#8221;1_3&#8243; _builder_version=&#8221;4.17.3&#8243; _module_preset=&#8221;default&#8221; global_colors_info=&#8221;{}&#8221;][et_pb_team_member name=&#8221;Ing. Karel Jelinek, MBA, LL.M.&#8221; position=&#8221;Senior Advisor BA4U s.r.o.&#8221; image_url=&#8221;https:\/\/www.ba4u.cz\/wp-content\/uploads\/2025\/01\/K_Jelinek_1.jpg&#8221; linkedin_url=&#8221;https:\/\/www.linkedin.com\/in\/karel-jel%C3%ADnek\/&#8221; _builder_version=&#8221;4.27.4&#8243; _module_preset=&#8221;default&#8221; global_colors_info=&#8221;{}&#8221;][\/et_pb_team_member][et_pb_toggle title=&#8221;More&#8230;&#8221; _builder_version=&#8221;4.27.4&#8243; _module_preset=&#8221;default&#8221; global_colors_info=&#8221;{}&#8221;]<\/p>\n<p>Karel is an expert in economics, finance, HR management, ICT and purchasing. He has worked in industrial services for the Czech energy industry, where he has held senior positions, including CEO and Chairman of the Board. He specializes in ERP system implementation, business process optimization, crisis management and mergers. Thanks to his legal background, he is actively involved in the topic of due diligence.   <\/p>\n<p><strong>He specializes in expert analysis of companies and restructuring management.<\/strong> <\/p>\n<p>[\/et_pb_toggle][\/et_pb_column][\/et_pb_row][\/et_pb_section][et_pb_section fb_built=&#8221;1&#8243; _builder_version=&#8221;4.17.4&#8243; _module_preset=&#8221;default&#8221; background_color=&#8221;rgba(0,0,0,0.02)&#8221; global_colors_info=&#8221;{}&#8221;][et_pb_row column_structure=&#8221;1_3,1_3,1_3&#8243; _builder_version=&#8221;4.17.3&#8243; _module_preset=&#8221;default&#8221; global_colors_info=&#8221;{}&#8221;][et_pb_column type=&#8221;1_3&#8243; _builder_version=&#8221;4.17.3&#8243; _module_preset=&#8221;default&#8221; global_colors_info=&#8221;{}&#8221;][et_pb_team_member name=&#8221;PhDr. Martina P\u011bkn\u00e1 &#8221; position=&#8221;Senior Advisor BA4U s.r.o.&#8221; image_url=&#8221;https:\/\/www.ba4u.cz\/wp-content\/uploads\/2025\/01\/Martina-Pekna.jpg&#8221; linkedin_url=&#8221;https:\/\/www.linkedin.com\/in\/martina-pekna-2a43699\/&#8221; _builder_version=&#8221;4.27.4&#8243; _module_preset=&#8221;default&#8221; global_colors_info=&#8221;{}&#8221;][\/et_pb_team_member][et_pb_toggle title=&#8221;More&#8230;&#8221; _builder_version=&#8221;4.27.4&#8243; _module_preset=&#8221;default&#8221; hover_enabled=&#8221;0&#8243; global_colors_info=&#8221;{}&#8221; sticky_enabled=&#8221;0&#8243;]<\/p>\n<p>Martina is an experienced project manager. She worked as a compliance officer and then as a CFO and board member of the company behind the creation of the first SICAV in the Czech Republic. Martina has extensive experience in business transformations and project management.  <\/p>\n<p><strong>He specializes in restructurings, trusts, endowments, and qualified investor funds (SICAVs).<\/strong><\/p>\n<p>[\/et_pb_toggle][\/et_pb_column][et_pb_column type=&#8221;1_3&#8243; _builder_version=&#8221;4.17.3&#8243; _module_preset=&#8221;default&#8221; global_colors_info=&#8221;{}&#8221;][et_pb_team_member name=&#8221;Ing. Jarmila R\u00e1dlov\u00e1&#8221; position=&#8221;Senior Advisor BA4U s.r.o.&#8221; image_url=&#8221;https:\/\/www.ba4u.cz\/wp-content\/uploads\/2025\/01\/Jarmila-Radlova.jpg&#8221; linkedin_url=&#8221;https:\/\/www.linkedin.com\/in\/jarmila-radlova-8b007535\/&#8221; _builder_version=&#8221;4.27.4&#8243; _module_preset=&#8221;default&#8221; box_shadow_style_image=&#8221;preset1&#8243; global_colors_info=&#8221;{}&#8221;][\/et_pb_team_member][et_pb_toggle title=&#8221;More&#8230;&#8221; _builder_version=&#8221;4.27.4&#8243; _module_preset=&#8221;default&#8221; global_colors_info=&#8221;{}&#8221;]<\/p>\n<p>Jarmila is an experienced professional in the field of crisis management and financial management of companies in an international environment. Jarmila is characterized by her ability to set strategy and business plan to achieve optimal results <\/p>\n<p><strong>Specializes in restructurings, trusts, endowments, qualified investor funds (SICAVs)<\/strong><\/p>\n<p>[\/et_pb_toggle][\/et_pb_column][et_pb_column type=&#8221;1_3&#8243; _builder_version=&#8221;4.17.3&#8243; _module_preset=&#8221;default&#8221; global_colors_info=&#8221;{}&#8221;][et_pb_team_member name=&#8221;Ing. Ji\u0159\u00ed Pej\u0161a, MBA&#8221; position=&#8221;Senior Advisor BA4U s.r.o.&#8221; image_url=&#8221;https:\/\/www.ba4u.cz\/wp-content\/uploads\/2025\/01\/Jiri-Pejsa.jpg&#8221; linkedin_url=&#8221;https:\/\/www.linkedin.com\/in\/ji%C5%99%C3%AD-pej%C5%A1a-07234965\/&#8221; _builder_version=&#8221;4.27.4&#8243; _module_preset=&#8221;default&#8221; box_shadow_style_image=&#8221;preset1&#8243; global_colors_info=&#8221;{}&#8221;][\/et_pb_team_member][et_pb_toggle title=&#8221;More&#8230;&#8221; _builder_version=&#8221;4.27.4&#8243; _module_preset=&#8221;default&#8221; global_colors_info=&#8221;{}&#8221;]<\/p>\n<p>Ji\u0159\u00ed has extensive experience in the food, energy and engineering industries, where he has held senior positions.<\/p>\n<p>He has managed companies in the Czech and international environment. He specializes in strategic planning, brand building, process optimization and international expansion. His analytical skills and focus on key trends have helped companies achieve growth and strengthen their competitiveness!  <\/p>\n<p><strong>He specializes in creating long-term business plans and marketing strategies, managing company expansions, and advising on these topics.  <\/strong><\/p>\n<p>[\/et_pb_toggle][\/et_pb_column][\/et_pb_row][\/et_pb_section][et_pb_section fb_built=&#8221;1&#8243; _builder_version=&#8221;4.27.4&#8243; _module_preset=&#8221;default&#8221; global_colors_info=&#8221;{}&#8221;][et_pb_row column_structure=&#8221;1_3,1_3,1_3&#8243; _builder_version=&#8221;4.17.4&#8243; _module_preset=&#8221;default&#8221; global_colors_info=&#8221;{}&#8221;][et_pb_column type=&#8221;1_3&#8243; _builder_version=&#8221;4.17.4&#8243; _module_preset=&#8221;default&#8221; global_colors_info=&#8221;{}&#8221;][et_pb_team_member name=&#8221;Mgr. Ji\u0159\u00ed \u0160pinar &#8221; position=&#8221;Senior Advisor BA4U s.r.o.&#8221; image_url=&#8221;https:\/\/www.ba4u.cz\/wp-content\/uploads\/2025\/01\/Jiri-Spinar_1.jpg&#8221; linkedin_url=&#8221;https:\/\/www.linkedin.com\/in\/spinar\/&#8221; _builder_version=&#8221;4.27.4&#8243; _module_preset=&#8221;default&#8221; global_colors_info=&#8221;{}&#8221;][\/et_pb_team_member][et_pb_toggle title=&#8221;More&#8230;&#8221; _builder_version=&#8221;4.27.4&#8243; _module_preset=&#8221;default&#8221; global_colors_info=&#8221;{}&#8221;]<\/p>\n<p>Ji\u0159\u00ed is responsible for the legal area of CEE Leders&#8217; projects. Ji\u0159\u00ed studied law in Prague and Bratislava. He has more than ten years of experience in restructuring, insolvency and M&amp;A, both as a senior consultant and as a manager of the company. During his career he has been actively involved in the rescue of a number of major companies operating in various sectors and countries of the CEE region.   <\/p>\n<p><strong>Specializes in sales and transactions for BA4U s.r.o. clients.<\/strong><\/p>\n<p>[\/et_pb_toggle][\/et_pb_column][et_pb_column type=&#8221;1_3&#8243; _builder_version=&#8221;4.17.3&#8243; _module_preset=&#8221;default&#8221; global_colors_info=&#8221;{}&#8221;][et_pb_team_member name=&#8221;Ing. Stiva joke\u0161&#8221; position=&#8221;Founder and Managing Partner of CEE Leaders Group&#8221; image_url=&#8221;https:\/\/www.ba4u.cz\/wp-content\/uploads\/2025\/01\/Stiva-Jokes.jpg&#8221; linkedin_url=&#8221;https:\/\/www.linkedin.com\/in\/stiva-jokes\/&#8221; _builder_version=&#8221;4.27.4&#8243; _module_preset=&#8221;default&#8221; global_colors_info=&#8221;{}&#8221;][\/et_pb_team_member][et_pb_toggle title=&#8221;More&#8230;&#8221; _builder_version=&#8221;4.27.4&#8243; _module_preset=&#8221;default&#8221; global_colors_info=&#8221;{}&#8221;]<\/p>\n<p>Stiva is the founder and managing partner of the CEE Leaders group, which includes BL4U, BM4U and BA4U. He graduated from the J. E. Purkyn\u011b University in \u00dast\u00ed nad Labem, majoring in economics, accounting and management, and has been in business since 1998. He has been involved in successful development projects, intergenerational handovers, as well as restructurings and crisis management. He is responsible for the strategic management of the entire group.   <\/p>\n<p>Stiva is responsible for the selection and allocation of key professionals to individual projects for clients across various industries in the CEE region. Stiva emphasizes building teams of top professionals and effective resource management that contribute to the success of clients and the Group. <\/p>\n<p>[\/et_pb_toggle][\/et_pb_column][et_pb_column type=&#8221;1_3&#8243; _builder_version=&#8221;4.17.3&#8243; _module_preset=&#8221;default&#8221; global_colors_info=&#8221;{}&#8221;][\/et_pb_column][\/et_pb_row][\/et_pb_section][et_pb_section fb_built=&#8221;1&#8243; _builder_version=&#8221;4.27.4&#8243; _module_preset=&#8221;default&#8221; background_color=&#8221;#FFFFFF&#8221; background_enable_pattern_style=&#8221;on&#8221; background_pattern_style=&#8221;pinwheel&#8221; background_pattern_color=&#8221;rgba(0,0,0,0.09)&#8221; background_pattern_size=&#8221;custom&#8221; background_pattern_width=&#8221;30px&#8221; background_pattern_height=&#8221;30px&#8221; top_divider_style=&#8221;curve2&#8243; top_divider_color=&#8221;#FFFFFF&#8221; top_divider_height=&#8221;50px&#8221; bottom_divider_style=&#8221;curve2&#8243; bottom_divider_color=&#8221;#FFFFFF&#8221; bottom_divider_height=&#8221;50px&#8221; global_module=&#8221;82&#8243; saved_tabs=&#8221;all&#8221; global_colors_info=&#8221;{}&#8221;][et_pb_row _builder_version=&#8221;4.16&#8243; _module_preset=&#8221;default&#8221; global_colors_info=&#8221;{}&#8221;][et_pb_column type=&#8221;4_4&#8243; _builder_version=&#8221;4.16&#8243; _module_preset=&#8221;default&#8221; global_colors_info=&#8221;{}&#8221;][\/et_pb_column][\/et_pb_row][\/et_pb_section][et_pb_section fb_built=&#8221;1&#8243; _builder_version=&#8221;4.27.4&#8243; _module_preset=&#8221;default&#8221; custom_margin=&#8221;1px|||||&#8221; custom_padding=&#8221;27px||0px|||&#8221; global_module=&#8221;81&#8243; saved_tabs=&#8221;all&#8221; global_colors_info=&#8221;{}&#8221;][et_pb_row column_structure=&#8221;1_4,1_4,1_4,1_4&#8243; _builder_version=&#8221;4.16&#8243; _module_preset=&#8221;default&#8221; global_colors_info=&#8221;{}&#8221;][et_pb_column type=&#8221;1_4&#8243; _builder_version=&#8221;4.16&#8243; _module_preset=&#8221;default&#8221; global_colors_info=&#8221;{}&#8221;][et_pb_text _builder_version=&#8221;4.27.4&#8243; _module_preset=&#8221;default&#8221; custom_padding_tablet=&#8221;|80px|||false|false&#8221; custom_padding_phone=&#8221;|0px|||false|false&#8221; custom_padding_last_edited=&#8221;on|phone&#8221; global_colors_info=&#8221;{}&#8221;]<\/p>\n<p><strong>BA4U s.r.o.<br \/><\/strong><span>Podkov\u00e1\u0159sk\u00e1 674\/2,<br \/>Vyso\u010dany, 190 00 Prague 9<\/span><\/p>\n<p>[\/et_pb_text][\/et_pb_column][et_pb_column type=&#8221;1_4&#8243; _builder_version=&#8221;4.16&#8243; _module_preset=&#8221;default&#8221; global_colors_info=&#8221;{}&#8221;][et_pb_blurb title=&#8221;+420 284 028 886&#8243; url=&#8221;tel:+420284028886&#8243; use_icon=&#8221;on&#8221; font_icon=&#8221;&#xe090;||divi||400&#8243; icon_color=&#8221;#02a959&#8243; icon_placement=&#8221;left&#8221; image_icon_width=&#8221;25px&#8221; _builder_version=&#8221;4.19.4&#8243; _module_preset=&#8221;default&#8221; header_level=&#8221;h5&#8243; header_font_size=&#8221;14px&#8221; header_line_height=&#8221;1.7em&#8221; custom_margin=&#8221;||8px|||&#8221; global_colors_info=&#8221;{%22gcid-4de3e4d0-bb13-408a-b665-6599b99dd712%22:%91%22image_icon_background_color%22%93}&#8221;][\/et_pb_blurb][et_pb_blurb title=&#8221;info@ba4u.cz&#8221; url=&#8221;mailto:info@bm4u.cz&#8221; use_icon=&#8221;on&#8221; font_icon=&#8221;&#xf0e0;||fa||400&#8243; icon_color=&#8221;#02a959&#8243; icon_placement=&#8221;left&#8221; image_icon_width=&#8221;25px&#8221; _builder_version=&#8221;4.27.4&#8243; _module_preset=&#8221;default&#8221; header_level=&#8221;h5&#8243; header_font_size=&#8221;14px&#8221; header_line_height=&#8221;1.7em&#8221; global_colors_info=&#8221;{}&#8221;][\/et_pb_blurb][\/et_pb_column][et_pb_column type=&#8221;1_4&#8243; _builder_version=&#8221;4.16&#8243; _module_preset=&#8221;default&#8221; global_colors_info=&#8221;{}&#8221;][et_pb_icon font_icon=&#8221;&#xf08c;||fa||400&#8243; icon_color=&#8221;#02A958&#8243; icon_width=&#8221;50px&#8221; url=&#8221;https:\/\/www.linkedin.com\/company\/bm4u-cz\/&#8221; url_new_window=&#8221;on&#8221; align=&#8221;left&#8221; align_tablet=&#8221;left&#8221; align_phone=&#8221;&#8221; align_last_edited=&#8221;on|desktop&#8221; _builder_version=&#8221;4.27.4&#8243; _module_preset=&#8221;default&#8221; global_colors_info=&#8221;{}&#8221;][\/et_pb_icon][\/et_pb_column][et_pb_column type=&#8221;1_4&#8243; _builder_version=&#8221;4.16&#8243; _module_preset=&#8221;default&#8221; global_colors_info=&#8221;{}&#8221;][et_pb_text _builder_version=&#8221;4.27.4&#8243; _module_preset=&#8221;default&#8221; global_colors_info=&#8221;{}&#8221;]<\/p>\n<p><a href=\"https:\/\/www.ba4u.cz\/ochrana-osobnich-udaju\/\">GDPR and Cookies<\/a><br \/><a href=\"https:\/\/www.ba4u.cz\/wp-content\/uploads\/2025\/01\/Eticky_kodex_BA4U_11.1.2025.pdf\" target=\"_blank\" rel=\"noopener\">BA4U Code of Conduct<\/a><\/p>\n<p>[\/et_pb_text][\/et_pb_column][\/et_pb_row][\/et_pb_section]<\/p>\n","protected":false},"excerpt":{"rendered":"<p>Ourteam Our mission is to protect assets, family relationships and values by setting up long proven systems and approaches.Every founder of a family business wants their work to be meaningful for generations to come. Unfortunately, most companies fail to make this transition. BA4U s.r.o. was created to change this fate of Czech and Slovak successful [&hellip;]<\/p>\n","protected":false},"author":2,"featured_media":0,"parent":0,"menu_order":0,"comment_status":"closed","ping_status":"closed","template":"","meta":{"_et_pb_use_builder":"on","_et_pb_old_content":"","_et_gb_content_width":"","footnotes":""},"class_list":["post-990","page","type-page","status-publish","hentry"],"_links":{"self":[{"href":"https:\/\/www.ba4u.cz\/en\/wp-json\/wp\/v2\/pages\/990","targetHints":{"allow":["GET"]}}],"collection":[{"href":"https:\/\/www.ba4u.cz\/en\/wp-json\/wp\/v2\/pages"}],"about":[{"href":"https:\/\/www.ba4u.cz\/en\/wp-json\/wp\/v2\/types\/page"}],"author":[{"embeddable":true,"href":"https:\/\/www.ba4u.cz\/en\/wp-json\/wp\/v2\/users\/2"}],"replies":[{"embeddable":true,"href":"https:\/\/www.ba4u.cz\/en\/wp-json\/wp\/v2\/comments?post=990"}],"version-history":[{"count":5,"href":"https:\/\/www.ba4u.cz\/en\/wp-json\/wp\/v2\/pages\/990\/revisions"}],"predecessor-version":[{"id":1028,"href":"https:\/\/www.ba4u.cz\/en\/wp-json\/wp\/v2\/pages\/990\/revisions\/1028"}],"wp:attachment":[{"href":"https:\/\/www.ba4u.cz\/en\/wp-json\/wp\/v2\/media?parent=990"}],"curies":[{"name":"wp","href":"https:\/\/api.w.org\/{rel}","templated":true}]}}